{"id":3008,"date":"2018-11-05T12:08:37","date_gmt":"2018-11-05T11:08:37","guid":{"rendered":"https:\/\/staging.hummel-mietmoebel.de\/?page_id=3008"},"modified":"2025-07-25T15:02:26","modified_gmt":"2025-07-25T13:02:26","slug":"imprint","status":"publish","type":"page","link":"https:\/\/staging.hummel-mietmoebel.de\/en\/imprint\/","title":{"rendered":"Imprint"},"content":{"rendered":"<div class=\"wpb-content-wrapper\"><p>[vc_row][vc_column css=&#8221;.vc_custom_1534883652261{padding-top: 0px !important;}&#8221;]<div id=\"ultimate-heading-892669e0f243c3e84\" class=\"uvc-heading ult-adjust-bottom-margin ultimate-heading-892669e0f243c3e84 uvc-9612 h2-size uvc-heading-default-font-sizes\" data-hspacer=\"no_spacer\"  data-halign=\"center\" style=\"text-align:center\"><div class=\"uvc-heading-spacer no_spacer\" style=\"top\"><\/div><div class=\"uvc-main-heading ult-responsive\"  data-ultimate-target='.uvc-heading.ultimate-heading-892669e0f243c3e84 h1'  data-responsive-json-new='{\"font-size\":\"\",\"line-height\":\"\"}' ><h1 style=\"--font-weight:theme;margin-bottom:5px;\">Imprint<\/h1><\/div><\/div>[\/vc_column][\/vc_row][vc_row el_class=&#8221;mt-70 mt-60-m mt-50-s&#8221;][vc_column width=&#8221;1\/2&#8243; css=&#8221;.vc_custom_1523384207734{padding-top: 0px !important;}&#8221;][vc_column_text css=&#8221;&#8221; el_class=&#8221;mb-0&#8243;]<strong>Information pursuant to \u00a7 5 DDG<\/strong><br \/>\nHummel M\u00f6belverleih GmbH<br \/>\nGruber Stra\u00dfe 70<br \/>\nD-85586 Poing bei M\u00fcnchen<br \/>\nGermany[\/vc_column_text][vc_column_text el_class=&#8221;mt-30 mb-0&#8243;]<strong>Represented by the managing directors<\/strong><br \/>\nVolker Weidenbach, Florian Weidenbach[\/vc_column_text][vc_column_text el_class=&#8221;mt-30&#8243;]<strong>Contact<\/strong><br \/>\nTelephone: <a class=\"no-link\" href=\"tel:+498990108790\">+49 89 &#8211; 901 087 90<\/a><br \/>\nFacsimile: <a class=\"no-link\" href=\"tel:+4989901087999\">+49 89 &#8211; 901 087 999<\/a><br \/>\nE-Mail: <a href=\"mailto:info@hummel-mietmoebel.de\">info@hummel-mietmoebel.de<\/a>[\/vc_column_text][vc_column_text el_class=&#8221;mt-30&#8243;]<strong>Register entry<\/strong><br \/>\nEntry in the Handelsregister.<br \/>\nRegistering court: Amtsgericht M\u00fcnchen<br \/>\nRegistration number: HRB 49575[\/vc_column_text][vc_column_text el_class=&#8221;mt-30&#8243;]<strong>VAT ID<\/strong><br \/>\nVAT Id number according to Sec. 27 a German Value Added Tax Act: DE129378687[\/vc_column_text][\/vc_column][vc_column width=&#8221;1\/2&#8243; el_class=&#8221;pt-30-s&#8221; css=&#8221;.vc_custom_1523384219525{padding-top: 0px !important;}&#8221;][vc_column_text css=&#8221;&#8221;]<strong>Image credits<\/strong><br \/>\n\u00a9 VeronikaGorBO\/Depositphotos.com<br \/>\n\u00a9 2mmedia\/Depositphotos.com<br \/>\n\u00a9 archideaphoto\/Depositphotos.com<br \/>\n\u00a9 Prithan\/Depositphotos.com<br \/>\n\u00a9 jukai5\/Depositphotos.com<br \/>\n\u00a9 kantver\/Depositphotos.com<br \/>\n\u00a9 peshkova\/Depositphotos.com<br \/>\n\u00a9 Rawpixel\/Depositphotos.com<br \/>\n\u00a9 Colour\/Depositphotos.com<br \/>\n\u00a9 Shell114\/Depositphotos.com<br \/>\n\u00a9 creativestall\/Depositphotos.com<br \/>\n\u00a9 slalomop\/Depositphotos.com<br \/>\n\u00a9 happyroman\/Depositphotos.com<br \/>\n\u00a9 Rita Heinrich\/paper-work.de[\/vc_column_text][vc_column_text el_class=&#8221;mt-30&#8243;]<strong>Design and programming<\/strong><br \/>\n<a href=\"http:\/\/www.paper-work.de\/\" target=\"_blank\" rel=\"noopener noreferrer\">PAPERWORK Grafikdesign<\/a> \u2013 Rita Heinrich<\/p>\n<p>\u2013 in cooperation with \u2013<\/p>\n<p><a href=\"https:\/\/www.obundo.de\" target=\"_blank\" rel=\"noopener noreferrer\">obundo GmbH &amp; Co. KG<\/a> \u2013 Creative Agency[\/vc_column_text][\/vc_column][\/vc_row][vc_row type=&#8221;vc_default&#8221; el_class=&#8221;mt-70 mt-60-m mt-50-s&#8221;][vc_column css=&#8221;.vc_custom_1523384588757{padding-top: 0px !important;}&#8221;][vc_column_text css=&#8221;&#8221; el_class=&#8221;mb-0&#8243;]<\/p>\n<h2>Liability for Contents<\/h2>\n<p>As service providers, we are liable for own contents of these websites according to Sec. 7, paragraph 1 German Digital-Services Act (DDG). However, according to Sec. 8 to 10 German Digital-Services Act (DDG), service providers are not obligated to permanently monitor submitted or stored information or to search for evidences that indicate illegal activities.<\/p>\n<p>Legal obligations to removing information or to blocking the use of information remain unchallenged. In this case, liability is only possible at the time of knowledge about a specific violation of law. Illegal contents will be removed immediately at the time we get knowledge of them.[\/vc_column_text][vc_column_text el_class=&#8221;mt-40 mt-30-s mb-0&#8243;]<\/p>\n<h2>Liability for Links<\/h2>\n<p>Our offer includes links to external third party websites. We have no influence on the contents of those websites, therefore we cannot guarantee for those contents. Providers or administrators of linked websites are always responsible for their own contents.<\/p>\n<p>The linked websites had been checked for possible violations of law at the time of the establishment of the link. Illegal contents were not detected at the time of the linking. A permanent monitoring of the contents of linked websites cannot be imposed without reasonable indications that there has been a violation of law. Illegal links will be removed immediately at the time we get knowledge of them.[\/vc_column_text][vc_column_text el_class=&#8221;mt-40 mt-30-s mb-0&#8243;]<\/p>\n<h2>Copyright<\/h2>\n<p>Contents and compilations published on these websites by the providers are subject to German copyright laws. Reproduction, editing, distribution as well as the use of any kind outside the scope of the copyright law require a written permission of the author or originator. Downloads and copies of these websites are permitted for private use only.<br \/>\nThe commercial use of our contents without permission of the originator is prohibited.<\/p>\n<p>Copyright laws of third parties are respected as long as the contents on these websites do not originate from the provider. Contributions of third parties on this site are indicated as such. However, if you notice any violations of copyright law, please inform us. Such contents will be removed immediately.[\/vc_column_text][\/vc_column][\/vc_row]<\/p>\n<\/div>","protected":false},"excerpt":{"rendered":"<p>[vc_row][vc_column css=&#8221;.vc_custom_1534883652261{padding-top: 0px !important;}&#8221;][\/vc_column][\/vc_row][vc_row el_class=&#8221;mt-70 mt-60-m mt-50-s&#8221;][vc_column width=&#8221;1\/2&#8243; css=&#8221;.vc_custom_1523384207734{padding-top: 0px !important;}&#8221;][vc_column_text css=&#8221;&#8221; el_class=&#8221;mb-0&#8243;]Information pursuant to \u00a7 5 DDG Hummel M\u00f6belverleih GmbH Gruber Stra\u00dfe 70 D-85586 Poing bei M\u00fcnchen Germany[\/vc_column_text][vc_column_text el_class=&#8221;mt-30 mb-0&#8243;]Represented by the managing directors Volker Weidenbach, Florian Weidenbach[\/vc_column_text][vc_column_text el_class=&#8221;mt-30&#8243;]Contact Telephone: +49 89 &#8211; 901 087 90 Facsimile: +49 89 &#8211; 901 087 999 E-Mail:&hellip;<\/p>\n","protected":false},"author":1,"featured_media":0,"parent":0,"menu_order":90,"comment_status":"closed","ping_status":"open","template":"","meta":{"slim_seo":{"title":"Imprint - Hummel Mietm\u00f6bel","description":"[vc_row][vc_column css=\".vc_custom_1534883652261{padding-top: 0px !important;}\"] Imprint [\/vc_column][\/vc_row][vc_row el_class=\"mt-70 mt-60-m mt-50-s\"][vc_colum"},"footnotes":""},"class_list":["post-3008","page","type-page","status-publish","hentry","description-off"],"_links":{"self":[{"href":"https:\/\/staging.hummel-mietmoebel.de\/en\/wp-json\/wp\/v2\/pages\/3008","targetHints":{"allow":["GET"]}}],"collection":[{"href":"https:\/\/staging.hummel-mietmoebel.de\/en\/wp-json\/wp\/v2\/pages"}],"about":[{"href":"https:\/\/staging.hummel-mietmoebel.de\/en\/wp-json\/wp\/v2\/types\/page"}],"author":[{"embeddable":true,"href":"https:\/\/staging.hummel-mietmoebel.de\/en\/wp-json\/wp\/v2\/users\/1"}],"replies":[{"embeddable":true,"href":"https:\/\/staging.hummel-mietmoebel.de\/en\/wp-json\/wp\/v2\/comments?post=3008"}],"version-history":[{"count":0,"href":"https:\/\/staging.hummel-mietmoebel.de\/en\/wp-json\/wp\/v2\/pages\/3008\/revisions"}],"wp:attachment":[{"href":"https:\/\/staging.hummel-mietmoebel.de\/en\/wp-json\/wp\/v2\/media?parent=3008"}],"curies":[{"name":"wp","href":"https:\/\/api.w.org\/{rel}","templated":true}]}}